{"id":584,"date":"2021-05-21T09:13:19","date_gmt":"2021-05-21T07:13:19","guid":{"rendered":"https:\/\/www.stricker-studios.de\/home\/"},"modified":"2021-05-21T13:17:58","modified_gmt":"2021-05-21T11:17:58","slug":"home","status":"publish","type":"page","link":"https:\/\/www.stricker-studios.de\/en\/","title":{"rendered":"Home"},"content":{"rendered":"\n\n\t\t\t<img decoding=\"async\" loading='false' src=\"https:\/\/www.stricker-studios.de\/wp-content\/uploads\/2021\/03\/slider-studio_instru.jpg\" alt=\"\" \/>\t\t\t\n\t\t\t<img decoding=\"async\" loading='false' src=\"https:\/\/www.stricker-studios.de\/wp-content\/uploads\/2021\/03\/slider-klavier.jpg\" alt=\"\" \/>\t\t\t\n\t\t\t\t<h2>We are using the latest recording technology, guided by your ideas<\/h2>\t\t\t\n\t\t\t<img decoding=\"async\" loading='false' src=\"https:\/\/www.stricker-studios.de\/wp-content\/uploads\/2021\/03\/slider-instrumente.jpg\" alt=\"\" \/>\t\t\t\n\t\t\t\t<h2>Our production facilities are available for labels, publishing companies, artists, singers, musicians and privat clients<\/h2>\t\t\t\n\t\t\t<img decoding=\"async\" loading='false' src=\"https:\/\/www.stricker-studios.de\/wp-content\/uploads\/2021\/02\/slider-gesang.jpg\" alt=\"\" \/>\t\t\t\n\t\t\t\t<h2>Your recording studio for vocal tracking, music production and mastering<\/h2>\t\t\t\n\t\t\t<img decoding=\"async\" loading='false' src=\"https:\/\/www.stricker-studios.de\/wp-content\/uploads\/2021\/03\/slider-mixing-neu.jpg\" alt=\"\" \/>\t\t\t\n\t\t\t\t<h2>Our mixing and mastering capabilites are top notch quality<\/h2>\t\t\t\n\t\t\t<img decoding=\"async\" loading='false' src=\"https:\/\/www.stricker-studios.de\/wp-content\/uploads\/2021\/03\/slider-studio_neu.jpg\" alt=\"\" \/>\t\t\t\n\t\t\t\t<h2>A full service facility: Recording, mixing, mastering, sound design, video production, music production, music composition<\/h2>\t\t\t\n\t\t\t\t<a href=\"#\" aria-label=\"previous\" role=\"button\">\n<\/a>\n\t\t\t\t<a href=\"#\" aria-label=\"next\" role=\"button\">\n<\/a>\n<h3>\n\t\tWelcome at &#8230;\n\t<\/h3>\n<h1>\n\t\tStricker Studios Hilden \u00b7 Your home for instrumental and vocal recording, music production and mastering. From the first concept to the finished album. For artists worldwide.\n\t<\/h1>\n\t\t\t\t<img loading=\"lazy\" decoding=\"async\" src=\"https:\/\/www.stricker-studios.de\/wp-content\/uploads\/2021\/03\/home-mikro_neu-2colhoch.png\" alt=\"home-mikro_neu-2colhoch\" itemprop=\"image\" height=\"800\" width=\"615\" title=\"home-mikro_neu-2colhoch\" onerror=\"this.style.display='none'\"  \/>\n<h2>\n\t\tFrom your first scetch of a song to the finished album, from the first draft of a  script to the end credits of the video we can support you every step of the way.\n\t<\/h2>\n\tYou love &#8216;handcrafted&#8217; music and want to record live with your band? You are looking for a complete package, i.e. composition and production of your individual song, including a video?<br \/>\nNo matter what style of music, be it a demo CD or just your first song, whether you are a professional musician, label or music publisher, we are happy to help you reach you musical goal. We will support you with our know-how, our many years of experience and our creative ideas.\n<p>We have the sensibilty to know what is important when working with artists and offer the necessary professional expertise to reach your goal in the best way possible.<\/p>\n\t\t\t\t<img decoding=\"async\" src=\"https:\/\/www.stricker-studios.de\/wp-content\/uploads\/2021\/03\/home-mixer-3col.jpg\" alt=\"home-mixer-3col\" title=\"home-mixer-3col\" itemprop=\"image\"\/>\n\t\t\t\t<img decoding=\"async\" src=\"https:\/\/www.stricker-studios.de\/wp-content\/uploads\/2021\/02\/home-aufnahme-3col.jpg\" alt=\"home-aufnahme-3col\" title=\"home-aufnahme-3col\" itemprop=\"image\"  \/>\n\t\t\t\t<img decoding=\"async\" src=\"https:\/\/www.stricker-studios.de\/wp-content\/uploads\/2021\/02\/home-gesang-2colhoch.jpg\" alt=\"home-gesang-2colhoch\" title=\"home-gesang-2colhoch\" itemprop=\"image\"  \/>\n<h2>\n\t\tWe mix and master in top quality\n\t<\/h2>\n\t\t\t<a href=\"https:\/\/www.stricker-studios.de\/en\/contact\/contact\/\" target=\"_self\" role=\"button\" rel=\"noopener\">\n\t\t\t\t\t\t\tlearn more\n\t\t\t\t\t<\/a>\n<h2>\n\t\tThis recording studio specializes in:\n\t<\/h2>\n\t\t\t\t<img loading=\"lazy\" decoding=\"async\" src=\"https:\/\/www.stricker-studios.de\/wp-content\/uploads\/2021\/02\/home-kopfhoerer-3col.png\" alt=\"home-kopfhoerer-3col\" itemprop=\"image\" height=\"360\" width=\"360\" title=\"home-kopfhoerer-3col\" onerror=\"this.style.display='none'\"  \/>\n\t\t<!-- Comment to fix spacing issue\n\t-->\n\t\t<h2>0m<sup>2<\/sup><\/h2>total area\n\t<!-- Comment to fix spacing issue\n\t-->\t\n\t\t<!-- Comment to fix spacing issue\n\t-->\n\t\t<h2>0m<sup>2<\/sup><\/h2>main recording room\n\t<!-- Comment to fix spacing issue\n\t-->\t\n\t\t<!-- Comment to fix spacing issue\n\t-->\n\t\t<h2>0<\/h2>different rooms\n\t<!-- Comment to fix spacing issue\n\t-->\t\n<h2>\n\t\tNews &#8230;\n\t<\/h2>\n\t<p>Check here for our latest news.<\/p>\n\t<p>No news found. Please refresh the page or try again later.\t<\/p>\n\t\t\t<form aria-label=\"Search\" method=\"get\" role=\"search\" action=\"https:\/\/www.stricker-studios.de\/en\/\" title=\"Type and press Enter to search.\">\n\t<input aria-label=\"Search\" type=\"search\" name=\"s\" placeholder=\"Search\"  value=\"\" onfocus=\"if (this.value === 'Search') { this.value = ''; }\" onblur=\"if (this.value === '') this.value='Search';\" \/>\n<\/form>\n\t\t\t<a href=\"https:\/\/www.stricker-studios.de\/en\/news\/\" target=\"_self\" role=\"button\" rel=\"noopener\">\n\t\t\t\t\t\t\tNews\n\t\t\t\t\t<\/a>\n<h2>\n\t\tOur artists are from\n\t<\/h2>\n<h3>\n\t\tFull service recording studio: Recording, mixing, mastering, sound design, video production, music production, composition\n\t<\/h3>\n\t<p>Our clients&#8217; vision and concept is our top priority when it comes to realizing their projects. We create a unique sound tailored to individual artists and their musical genre.<\/p>\n\n","protected":false},"excerpt":{"rendered":"<p>We are using the latest recording technology, guided by your ideas Our production facilities are available for labels, publishing companies, artists, singers, musicians and privat clients Your recording studio for vocal tracking, music production and mastering Our mixing and mastering capabilites are top notch quality A full service facility: Recording, mixing, mastering, sound design, video&hellip;<\/p>\n","protected":false},"author":7,"featured_media":0,"parent":0,"menu_order":0,"comment_status":"closed","ping_status":"closed","template":"","meta":{"_seopress_robots_primary_cat":"","_seopress_titles_title":"Stricker Studios Hilden, Produktion, Mastering, Songs, Alben","_seopress_titles_desc":"Stricker Studios Hilden \u00b7 Recording-Studio f\u00fcr Musik- & Gesangsaufnahmen, Produktion & Mastering von der Song-Idee bis zum fertigen Album f\u00fcr K\u00fcnstler weltweit","_seopress_robots_index":"","footnotes":"","_links_to":"","_links_to_target":""},"class_list":["post-584","page","type-page","status-publish","hentry"],"_links":{"self":[{"href":"https:\/\/www.stricker-studios.de\/en\/wp-json\/wp\/v2\/pages\/584","targetHints":{"allow":["GET"]}}],"collection":[{"href":"https:\/\/www.stricker-studios.de\/en\/wp-json\/wp\/v2\/pages"}],"about":[{"href":"https:\/\/www.stricker-studios.de\/en\/wp-json\/wp\/v2\/types\/page"}],"author":[{"embeddable":true,"href":"https:\/\/www.stricker-studios.de\/en\/wp-json\/wp\/v2\/users\/7"}],"replies":[{"embeddable":true,"href":"https:\/\/www.stricker-studios.de\/en\/wp-json\/wp\/v2\/comments?post=584"}],"version-history":[{"count":0,"href":"https:\/\/www.stricker-studios.de\/en\/wp-json\/wp\/v2\/pages\/584\/revisions"}],"wp:attachment":[{"href":"https:\/\/www.stricker-studios.de\/en\/wp-json\/wp\/v2\/media?parent=584"}],"curies":[{"name":"wp","href":"https:\/\/api.w.org\/{rel}","templated":true}]}}