{"id":618,"date":"2021-05-21T09:22:51","date_gmt":"2021-05-21T07:22:51","guid":{"rendered":"https:\/\/www.stricker-studios.de\/equipment\/"},"modified":"2021-05-21T13:20:32","modified_gmt":"2021-05-21T11:20:32","slug":"equipment","status":"publish","type":"page","link":"https:\/\/www.stricker-studios.de\/en\/services\/equipment\/","title":{"rendered":"Equipment"},"content":{"rendered":"\n\n<h1>\n\t\tRecording studio equipped with first class gear: Microphones, drums, cymbals, percussion, keyboards, a Steinway D grand piano&#8230; for you professional recording experience\n\t<\/h1>\n\t\t\t\t\t\t<h4 tabindex=\"0\">Equipment Studio 1<\/h4>\n\t\t\t\n<ul>\n<li>PC System Intel XEON (Windows)<\/li>\n<li>RME HDSPe MADI FX Karte<\/li>\n<li>3 flat screen monitors<\/li>\n<\/ul>\n\n<ul>\n<li>Antelope Goliath Interface mit 16 Preamps<\/li>\n<li>4x API 512 V<\/li>\n<li>2x Chandler TG2-500<\/li>\n<li>2x Heritage 1073 jr<\/li>\n<li>Great River MP 500NV<\/li>\n<li>Thermionic Culture The Earlybird 2.2<\/li>\n<li>Thermionic Culture The Snow Petrel<\/li>\n<li>Tascam DM 4800 mit 24 Preamps<\/li>\n<\/ul>\n\n<ul>\n<li>Behringer Personal Monitoring System, 6 Mixer via CAT 6 network<\/li>\n<li>4x Sennheiser HD 25 headphones<\/li>\n<li>3x Beyerdynamic DT 770 Pro headphones<\/li>\n<\/ul>\n\n<ul>\n<li>Genelec 1038B, calibrated with ConEQ<\/li>\n<li>Genelec 1029A mobile monitors<\/li>\n<li>Genelec 1030A<\/li>\n<\/ul>\n\n<ul>\n<li>Blackmagic ATEM Mini<\/li>\n<li>Tascam DM 4800<\/li>\n<li>Native Instruments Maschine with misc expansions<\/li>\n<li>Native Instruments Komplete (always up to date)<\/li>\n<li>Waves Gold<\/li>\n<li>Fabfilter<\/li>\n<li>Izotope<\/li>\n<li>Soundtoys<\/li>\n<li>Cubase Pro (always up to date)<\/li>\n<li>Reaper<\/li>\n<li>Brainworx\/Plugin Alliance<\/li>\n<li>Output<\/li>\n<li>Keyscape<\/li>\n<\/ul>\n\n<ul>\n<li>2x Otztronics D.I.<\/li>\n<li>16fach D.I. Im Rack<\/li>\n<li>Solton P.A. With mixing board for rehearsals<\/li>\n<li>2x Neewer NL 480 LED Panels<\/li>\n<li>Godox\u00a0 SL-60w mit Softbox Video light<\/li>\n<\/ul>\n\t\t\t\t\t\t<h4 tabindex=\"0\">Equipment Studio 2<\/h4>\n\t\t\t\n<ul>\n<li>Antelope Audio Goliath<\/li>\n<li>RME Fireface 802<\/li>\n<li>Motu 624 AVB<\/li>\n<li>Motu Stage B-16 AVB (16 Preamp Stagebox)<\/li>\n<li>TC Electronic BMC-2<\/li>\n<\/ul>\n\n<ul>\n<li>2x Neumann KH750 DSP Subwoofer<\/li>\n<li>2x Paul Linke custom fullrange speaker (Massanfertigung)<\/li>\n<li>2x Dynaudio BM5 MKII<\/li>\n<li>2x Neumann KH 80 mobile Abh\u00f6re<\/li>\n<li>Mono Mixcube<\/li>\n<\/ul>\n\n<ul>\n<li>Neumann NDH-20<\/li>\n<li>Beyerdynamic DT1990<\/li>\n<li>Beyerdynamic DT770<\/li>\n<li>Sennheiser HD600<\/li>\n<li>Beyerdynamic DT1350<\/li>\n<\/ul>\n\n<ul>\n<li>Elysia Xpressor 500<\/li>\n<li>2x SSL4000 style Equalizer<\/li>\n<li>AML ez1073 Neve style Preamp<\/li>\n<\/ul>\n\n<ul>\n<li>Softube Console 1<\/li>\n<li>Softube<\/li>\n<li>Melodyne<\/li>\n<li>Izotope<\/li>\n<li>Exponential Audio<\/li>\n<li>Overloud<\/li>\n<li>Fabfilter<\/li>\n<li>Brainworx\/ Plugin Alliance<\/li>\n<li>Klanghelm<\/li>\n<li>Nuendo 11<\/li>\n<li>Cubase Pro 10.5<\/li>\n<li>Sequoia 15<\/li>\n<li>Reaper<\/li>\n<\/ul>\n\t\t\t\t\t\t<h4 tabindex=\"0\">Equipment Studio 3<\/h4>\n\t\t\t\n<ul>\n<li>2 x Elysia Xpressor<\/li>\n<li>2 x Chambord Audio CA-250 EQ<\/li>\n<li>1 x SSL G4000 Bus Compressor<\/li>\n<li>1 x Neve 1073 Mic Preamp<\/li>\n<li>1x Art Pro Channel Strip<\/li>\n<\/ul>\n\n<ul>\n<li>SPL PQ<\/li>\n<li>SPL Iron<\/li>\n<\/ul>\n\n<ul>\n<li>Protools<\/li>\n<li>Cubase Pro<\/li>\n<\/ul>\n\t\t\t\t\t\t<h4 tabindex=\"0\">Mikrophones<\/h4>\n\t\t\t<ul>\n<li>2x Royer R 121<\/li>\n<li>Royer SF 24<\/li>\n<li>2x Gefell M930<\/li>\n<li>2x Neumann KM 183<\/li>\n<li>4x Neumann KM 184<\/li>\n<li>4x Neumann TLM 193<\/li>\n<li>Neumann M 149<\/li>\n<li>Neumann TLM 170<\/li>\n<li>2x AKG C 391<\/li>\n<li>2x Audix D6<\/li>\n<li>Audix i5<\/li>\n<li>AKG D 3800<\/li>\n<li>2x AKG C414 B-ULS<\/li>\n<li>1x AKG C414 XLS<\/li>\n<li>5x DPA 4099<\/li>\n<li>2x Audio Technica AT4050<\/li>\n<li>Audio Technica AT4053b<\/li>\n<li>6x Beyerdynamic mc930<\/li>\n<li>2x Beyerdynamic mc950<\/li>\n<li>Beyerdynamic M160 (vintage)<\/li>\n<li>2x Beyerdynamic m201<\/li>\n<li>Beyerdynamic m88<\/li>\n<li>2x Beyerdynamic m69 (vintage)<\/li>\n<li>JZ Microphones The Amethyst<\/li>\n<li>JZ Microphones BH2<\/li>\n<li>4x Line Audio CM3<\/li>\n<li>2x Line Audio CM4<\/li>\n<li>2x Lauten Audio LA120<\/li>\n<li>Shure KSM44A<\/li>\n<li>4x Shure Beta 98<\/li>\n<li>Shure Beta 91<\/li>\n<li>5x Shure SM 57<\/li>\n<li>Shure Beta 57<\/li>\n<li>Shure SM7B<\/li>\n<li>Shure Beta 52<\/li>\n<li>3x Sennheiser MD421 (vintage)<\/li>\n<li>Sennheiser e602<\/li>\n<li>2x Sennheiser e604<\/li>\n<li>3x Electrovoice ND468<\/li>\n<li>Telefunken TD19c (vintage)<\/li>\n<li>2x Nohype LMR 2 Ribbon<\/li>\n<li>4x ADK Odin<\/li>\n<li>2x MBHO Haun MBC 440<\/li>\n<li>2x Atlantic Phonic Renaissance<\/li>\n<li>2x Rode NT5<\/li>\n<li>Blue Reactor<\/li>\n<\/ul>\n\t\t\t\t\t\t<h4 tabindex=\"0\">Drums<\/h4>\n\t\t\t\n<ul>\n<li>22&#215;18 kick<\/li>\n<li>16&#215;14 kick<\/li>\n<li>22&#215;8 Woofer<\/li>\n<li>Toms in 8,10,12,14<\/li>\n<\/ul>\n\n<ul>\n<li>20&#215;18 kick<\/li>\n<li>Toms in 8,10,12,14,16<\/li>\n<\/ul>\n\n<ul>\n<li>18&#215;14 kick<\/li>\n<li>Toms in 10,12,14<\/li>\n<\/ul>\n\n<ul>\n<li>16&#215;14 kick<\/li>\n<li>Toms in 10, 13<\/li>\n<\/ul>\n\n<ul>\n<li>26&#215;14 kick<\/li>\n<li>Toms in 12,16 mit Woodhoops<\/li>\n<\/ul>\n\n<ul>\n<li>DW Collectors Aluminium 14&#215;5<\/li>\n<li>DW Collectors Birch 14&#215;8<\/li>\n<li>DW Collectors Maple 13&#215;5<\/li>\n<li>DW Collectors Edge 13&#215;5<\/li>\n<li>DW Collectors Maple 10&#215;6<\/li>\n<li>DW Jazz Series 12&#215;5<\/li>\n<li>DW Craviotto Solid Maple 14&#215;5 mit Wood \u2022 Hoops<\/li>\n<li>DW Collectors Ballad Snare 16&#215;10<\/li>\n<li>DW Collectors Bamboo 14&#215;5<\/li>\n<li>Ludwig Black Beauty 14&#215;6,5<\/li>\n<li>Pearl &#8220;Marvin Smitty Smith&#8221; 14&#215;4 Kupfer<\/li>\n<li>Yamaha Maple Custom &#8220;Vinnie Colaiuta&#8221; 14x 4<\/li>\n<li>Yamaha Maple &#8220;Anton Fig&#8221; with Woodhoops<\/li>\n<li>Yamaha FRP 13&#215;5 Fiberglass<\/li>\n<li>Dunnett Titanium 13&#215;7<\/li>\n<li>Pearl 14&#215;8 Fiber\/Wood Hybrid Shell<\/li>\n<li>Sonor Jungle Snare<\/li>\n<li>Sonor Ascend Beech 14&#215;5,5<\/li>\n<\/ul>\n\t\t\t\t\t\t<h4 tabindex=\"0\">Cymbals<\/h4>\n\t\t\t<ul>\n<li>Miscellaneous Zildjian Becken from every series, K and A Custom, Constantinople, Kerope etc.<\/li>\n<\/ul>\n\t\t\t\t\t\t<h4 tabindex=\"0\">Percussion<\/h4>\n\t\t\t<ul>\n<li>Latin Percussion Conga und Tumba<\/li>\n<li>Latin Percussion Bongos<\/li>\n<li>Meinl Timbales<\/li>\n<li>Diverse Shaker und Cowbells<\/li>\n<\/ul>\n\t\t\t\t\t\t<h4 tabindex=\"0\">Keys<\/h4>\n\t\t\t<ul>\n<li>Steinway D 274 (tuned 442 hz)<\/li>\n<li>Korg Trinity Pro X HDR<\/li>\n<li>Casio Privia Pro PX5s<\/li>\n<\/ul>\n\t\t\t\t<img loading=\"lazy\" decoding=\"async\" src=\"https:\/\/www.stricker-studios.de\/wp-content\/uploads\/2021\/03\/home-mikro_neu-2colhoch.png\" alt=\"home-mikro_neu-2colhoch\" itemprop=\"image\" height=\"800\" width=\"615\" title=\"home-mikro_neu-2colhoch\" onerror=\"this.style.display='none'\"  \/>\n\t\t\t\t<img loading=\"lazy\" decoding=\"async\" src=\"https:\/\/www.stricker-studios.de\/wp-content\/uploads\/2021\/02\/home-kopfhoerer-3col.png\" alt=\"home-kopfhoerer-3col\" itemprop=\"image\" height=\"360\" width=\"360\" title=\"home-kopfhoerer-3col\" onerror=\"this.style.display='none'\"  \/>\n\t\t<!-- Comment to fix spacing issue\n\t-->\n\t\t<h2>0m<sup>2<\/sup><\/h2>total area\n\t<!-- Comment to fix spacing issue\n\t-->\t\n\t\t<!-- Comment to fix spacing issue\n\t-->\n\t\t<h2>0m<sup>2<\/sup><\/h2>main recording room\n\t<!-- Comment to fix spacing issue\n\t-->\t\n\t\t<!-- Comment to fix spacing issue\n\t-->\n\t\t<h2>0<\/h2>different rooms\n\t<!-- Comment to fix spacing issue\n\t-->\t\n<h2>\n\t\tOur artists are from\n\t<\/h2>\n<h3>\n\t\tFull service recording studio: Recording, mixing, mastering, sound design, video production, music production, composition\n\t<\/h3>\n\t<p>Our clients&#8217; vision and concept is our top priority when it comes to realizing their projects. We create a unique sound tailored to individual artists and their musical genre.<\/p>\n\n","protected":false},"excerpt":{"rendered":"<p>Recording studio equipped with first class gear: Microphones, drums, cymbals, percussion, keyboards, a Steinway D grand piano&#8230; for you professional recording experience Equipment Studio 1 PC System Intel XEON (Windows) RME HDSPe MADI FX Karte 3 flat screen monitors Antelope Goliath Interface mit 16 Preamps 4x API 512 V 2x Chandler TG2-500 2x Heritage 1073&hellip;<\/p>\n","protected":false},"author":7,"featured_media":0,"parent":767,"menu_order":0,"comment_status":"closed","ping_status":"closed","template":"","meta":{"_seopress_robots_primary_cat":"","_seopress_titles_title":"Stricker Studios Hilden, Steinway D Fl\u00fcgel, Percussion, Keys","_seopress_titles_desc":"Stricker Studios Hilden \u00b7 Recording-Studio f\u00fcr Musik- & Gesangsaufnahmen, Produktion & Mastering von der Song-Idee bis zum fertigen Album f\u00fcr K\u00fcnstler weltweit","_seopress_robots_index":"","footnotes":"","_links_to":"","_links_to_target":""},"class_list":["post-618","page","type-page","status-publish","hentry"],"_links":{"self":[{"href":"https:\/\/www.stricker-studios.de\/en\/wp-json\/wp\/v2\/pages\/618","targetHints":{"allow":["GET"]}}],"collection":[{"href":"https:\/\/www.stricker-studios.de\/en\/wp-json\/wp\/v2\/pages"}],"about":[{"href":"https:\/\/www.stricker-studios.de\/en\/wp-json\/wp\/v2\/types\/page"}],"author":[{"embeddable":true,"href":"https:\/\/www.stricker-studios.de\/en\/wp-json\/wp\/v2\/users\/7"}],"replies":[{"embeddable":true,"href":"https:\/\/www.stricker-studios.de\/en\/wp-json\/wp\/v2\/comments?post=618"}],"version-history":[{"count":0,"href":"https:\/\/www.stricker-studios.de\/en\/wp-json\/wp\/v2\/pages\/618\/revisions"}],"up":[{"embeddable":true,"href":"https:\/\/www.stricker-studios.de\/en\/wp-json\/wp\/v2\/pages\/767"}],"wp:attachment":[{"href":"https:\/\/www.stricker-studios.de\/en\/wp-json\/wp\/v2\/media?parent=618"}],"curies":[{"name":"wp","href":"https:\/\/api.w.org\/{rel}","templated":true}]}}