{"id":632,"date":"2021-05-21T09:56:20","date_gmt":"2021-05-21T07:56:20","guid":{"rendered":"https:\/\/www.stricker-studios.de\/team\/"},"modified":"2021-05-31T14:33:45","modified_gmt":"2021-05-31T12:33:45","slug":"team","status":"publish","type":"page","link":"https:\/\/www.stricker-studios.de\/en\/company\/team\/","title":{"rendered":"Team"},"content":{"rendered":"\n\n<h1>\n\t\tOur industry professionals for music production, mixing, mastering, video production, recording etc&#8230;\n\t<\/h1>\n\t\t\t\t<img decoding=\"async\" src=\"https:\/\/www.stricker-studios.de\/wp-content\/uploads\/2021\/03\/team-us.jpg\" alt=\"team-us\" title=\"team-us\" itemprop=\"image\"\/>\n\t\t\t\t \n\t\t<h4>Ulf Stricker<\/h4>\n(studio owner, durmmer and pianist)\t\t\t\t\t\n\t<p>Our team includes several freelance engineers:<\/p>\n\t\t\t\t<img decoding=\"async\" src=\"https:\/\/www.stricker-studios.de\/wp-content\/uploads\/2021\/02\/team-jvb.jpg\" alt=\"team-jvb\" title=\"team-jvb\" itemprop=\"image\"\/>\n\t\t\t\t \n\t\t<h4>Johannes von Barsewisch<\/h4>\n(Video production, mixing)\t\t\t\t\t\n\t\t\t\t<img decoding=\"async\" src=\"https:\/\/www.stricker-studios.de\/wp-content\/uploads\/2021\/02\/team-lf.jpg\" alt=\"team-lf\" title=\"team-lf\" itemprop=\"image\"\/>\n\t\t\t\t \n\t\t<h4>Lukas Fehling<\/h4>\n(Recording, mixing, mastering , specializing in Jazz and Avantgarde music)\t\t\t\t\t\n\t\t\t\t<img decoding=\"async\" src=\"https:\/\/www.stricker-studios.de\/wp-content\/uploads\/2021\/02\/team-bf_neu.jpg\" alt=\"team-bf_neu\" title=\"team-bf_neu\" itemprop=\"image\"\/>\n\t\t\t\t \n\t\t<h4>Benedikt Fuchs<\/h4>\n(Recording, mixing , specializing in classical music)\t\t\t\t\t\n\t\t\t\t<img decoding=\"async\" src=\"https:\/\/www.stricker-studios.de\/wp-content\/uploads\/2021\/02\/team-nk-1.jpg\" alt=\"team-nk\" title=\"team-nk\" itemprop=\"image\"\/>\n\t\t\t\t \n\t\t<h4>Nils Steinkamp<\/h4>\n(Recording, mixing, audio production, specializing in Pop music and radio play)\t\t\t\t\t\n\t\t\t\t<img decoding=\"async\" src=\"https:\/\/www.stricker-studios.de\/wp-content\/uploads\/2021\/03\/team-tc_neu.jpg\" alt=\"team-tc_neu\" title=\"team-tc_neu\" itemprop=\"image\"\/>\n\t\t\t\t \n\t\t<h4>Thomas Csaba<\/h4>\n(Music production, mixing, mastering, specializing in surround sound, film score and Urban music)\t\t\t\t\t\n\t\t\t\t<img decoding=\"async\" src=\"https:\/\/www.stricker-studios.de\/wp-content\/uploads\/2021\/02\/team-wf.jpg\" alt=\"team-wf\" title=\"team-wf\" itemprop=\"image\"\/>\n\t\t\t\t \n\t\t<h4>Walter Fischbacher <\/h4>\n(Music production, composition, mixing, jazz piano)\t\t\t\t\t\n\t\t\t\t<img loading=\"lazy\" decoding=\"async\" src=\"https:\/\/www.stricker-studios.de\/wp-content\/uploads\/2021\/02\/home-kopfhoerer-3col.png\" alt=\"home-kopfhoerer-3col\" itemprop=\"image\" height=\"360\" width=\"360\" title=\"home-kopfhoerer-3col\" onerror=\"this.style.display='none'\"  \/>\n\t\t<!-- Comment to fix spacing issue\n\t-->\n\t\t<h2>0m<sup>2<\/sup><\/h2>total area\n\t<!-- Comment to fix spacing issue\n\t-->\t\n\t\t<!-- Comment to fix spacing issue\n\t-->\n\t\t<h2>0m<sup>2<\/sup><\/h2>main recording room\n\t<!-- Comment to fix spacing issue\n\t-->\t\n\t\t<!-- Comment to fix spacing issue\n\t-->\n\t\t<h2>0<\/h2>different rooms\n\t<!-- Comment to fix spacing issue\n\t-->\t\n\t<p>Our freelance engineers all have their own inhouse production rooms\/work stations that allow for the best workflow possible in their specialized field (5.1. surround mix room, video production room)<\/p>\n<p>The studio is equipped with a Steinway D grand piano and several isolation booths &#8211; a rare occurrence in today&#8217;s studio scene!<\/p>\n<h2>\n\t\tThis recording studio specializes in:\n\t<\/h2>\n<h2>\n\t\tOur team of experts with years of experience in the music business is looking forward to working with you\n\t<\/h2>\n\t<p>It is our goal to offer a product that is personalized yet at the same time exceeds industry standards. We serve local clients (D\u00fcsseldorf, K\u00f6ln, Ruhrgebiet, adjacent regions of the Netherland and Belgium) as well as international musicians.<\/p>\n<h2>\n\t\tOur artists are from\n\t<\/h2>\n<h3>\n\t\tFull service recording studio: Recording, mixing, mastering, sound design, video production, music production, composition\n\t<\/h3>\n\t<p>Our clients&#8217; vision and concept is our top priority when it comes to realizing their projects. We create a unique sound tailored to individual artists and their musical genre.<\/p>\n\n","protected":false},"excerpt":{"rendered":"<p>Our industry professionals for music production, mixing, mastering, video production, recording etc&#8230; Ulf Stricker (studio owner, durmmer and pianist) Our team includes several freelance engineers: Johannes von Barsewisch (Video production, mixing) Lukas Fehling (Recording, mixing, mastering , specializing in Jazz and Avantgarde music) Benedikt Fuchs (Recording, mixing , specializing in classical music) Nils Steinkamp (Recording,&hellip;<\/p>\n","protected":false},"author":7,"featured_media":0,"parent":768,"menu_order":0,"comment_status":"closed","ping_status":"closed","template":"","meta":{"_seopress_robots_primary_cat":"","_seopress_titles_title":"Stricker Studios Hilden, Kompositionen, Cymbals, Mikrofone","_seopress_titles_desc":"Stricker Studios Hilden \u00b7 Recording-Studio f\u00fcr Musik- & Gesangsaufnahmen, Produktion & Mastering von der Song-Idee bis zum fertigen Album f\u00fcr K\u00fcnstler weltweit","_seopress_robots_index":"","footnotes":"","_links_to":"","_links_to_target":""},"class_list":["post-632","page","type-page","status-publish","hentry"],"_links":{"self":[{"href":"https:\/\/www.stricker-studios.de\/en\/wp-json\/wp\/v2\/pages\/632","targetHints":{"allow":["GET"]}}],"collection":[{"href":"https:\/\/www.stricker-studios.de\/en\/wp-json\/wp\/v2\/pages"}],"about":[{"href":"https:\/\/www.stricker-studios.de\/en\/wp-json\/wp\/v2\/types\/page"}],"author":[{"embeddable":true,"href":"https:\/\/www.stricker-studios.de\/en\/wp-json\/wp\/v2\/users\/7"}],"replies":[{"embeddable":true,"href":"https:\/\/www.stricker-studios.de\/en\/wp-json\/wp\/v2\/comments?post=632"}],"version-history":[{"count":0,"href":"https:\/\/www.stricker-studios.de\/en\/wp-json\/wp\/v2\/pages\/632\/revisions"}],"up":[{"embeddable":true,"href":"https:\/\/www.stricker-studios.de\/en\/wp-json\/wp\/v2\/pages\/768"}],"wp:attachment":[{"href":"https:\/\/www.stricker-studios.de\/en\/wp-json\/wp\/v2\/media?parent=632"}],"curies":[{"name":"wp","href":"https:\/\/api.w.org\/{rel}","templated":true}]}}