{"id":732,"date":"2021-05-21T10:00:32","date_gmt":"2021-05-21T08:00:32","guid":{"rendered":"https:\/\/www.stricker-studios.de\/clients\/"},"modified":"2021-05-21T13:25:57","modified_gmt":"2021-05-21T11:25:57","slug":"clients","status":"publish","type":"page","link":"https:\/\/www.stricker-studios.de\/en\/clients\/","title":{"rendered":"Clients"},"content":{"rendered":"\n\n<h1>\n\t\tOur clients: Musicians, shows, radio plays, albums etc from Germany, Netherlands, Belgium&#8230;\n\t<\/h1>\n<h2>\n\t\tThese artists have already recorded here\n\t<\/h2>\n\t<ul>\n\t\t<li>\t\t\t\t\n\t\t<h3>Jazz:<\/h3><\/li>\t<\/ul>\n\t<ul>\n\t\t<li>\t\t\t\t\n\t\t<h3>Pop\/Rock:<\/h3><ul>\n \t<li>Francesco Napoli<\/li>\n \t<li>Micha Hirsch<\/li>\n \t<li>Dima Sirota<\/li>\n \t<li>Syntonic<\/li>\n \t<li>Carole Bakotto<\/li>\n \t<li>Roberto Lopez<\/li>\n \t<li>Timo B\u00f6cking<\/li>\n \t<li>No more Animosity (SK)<\/li>\n \t<li>Farfarello<\/li>\n \t<li>Kabanjak<\/li>\n \t<li>Dirk Brand (Axxis)<\/li>\n \t<li>Sascha Waack (Guildo Horn)<\/li>\n \t<li>Craig Lees<\/li>\n \t<li>uvm.<\/li>\n<\/ul><\/li>\t<\/ul>\n\t<ul>\n\t\t<li>\t\t\t\t\n\t\t<h3>Karneval \/ K\u00f6lsche Musik:<\/h3><ul><li><p>H\u00f6hner<\/p><\/li><li>Michael Kuhl<\/li><li>Swinging Funfares<\/li><li>Kl\u00fcngelk\u00f6pp<\/li><li>Marc Metzger<\/li><li>J.P. Weber<\/li><li>Funky Marys<\/li><li>J\u00fcrgen Becker<\/li><li>Norbert Alich<\/li><li>G\u00e4ng Lat\u00e4ng<\/li><li>Bullewuh<\/li><li>K\u00f6besse<\/li><li>Band of Plenty<\/li><li>uvm.<\/li><\/ul><\/li>\t<\/ul>\n\t\t\t\t<img loading=\"lazy\" decoding=\"async\" src=\"https:\/\/www.stricker-studios.de\/wp-content\/uploads\/2021\/02\/home-kopfhoerer-3col.png\" alt=\"home-kopfhoerer-3col\" itemprop=\"image\" height=\"360\" width=\"360\" title=\"home-kopfhoerer-3col\" onerror=\"this.style.display='none'\"  \/>\n\t\t<!-- Comment to fix spacing issue\n\t-->\n\t\t<h2>0m<sup>2<\/sup><\/h2>total area\n\t<!-- Comment to fix spacing issue\n\t-->\t\n\t\t<!-- Comment to fix spacing issue\n\t-->\n\t\t<h2>0m<sup>2<\/sup><\/h2>main recording room\n\t<!-- Comment to fix spacing issue\n\t-->\t\n\t\t<!-- Comment to fix spacing issue\n\t-->\n\t\t<h2>0<\/h2>different rooms\n\t<!-- Comment to fix spacing issue\n\t-->\t\n<h2>\n\t\tThis recording studio specializes in:\n\t<\/h2>\n<h3>\n\t\tFull service recording studio: Recording, mixing, mastering, sound design, video production, music production, composition\n\t<\/h3>\n\t<p>Our clients&#8217; vision and concept is our top priority when it comes to realizing their projects. We create a unique sound tailored to individual artists and their musical genre.<\/p>\n\n","protected":false},"excerpt":{"rendered":"<p>Our clients: Musicians, shows, radio plays, albums etc from Germany, Netherlands, Belgium&#8230; These artists have already recorded here Jazz: Pop\/Rock: Francesco Napoli Micha Hirsch Dima Sirota Syntonic Carole Bakotto Roberto Lopez Timo B\u00f6cking No more Animosity (SK) Farfarello Kabanjak Dirk Brand (Axxis) Sascha Waack (Guildo Horn) Craig Lees uvm. Karneval \/ K\u00f6lsche Musik: H\u00f6hner Michael&hellip;<\/p>\n","protected":false},"author":7,"featured_media":0,"parent":0,"menu_order":0,"comment_status":"closed","ping_status":"closed","template":"","meta":{"_seopress_robots_primary_cat":"","_seopress_titles_title":"Stricker Studios Hilden, Streaming, Mastering, Label, Verlag","_seopress_titles_desc":"Stricker Studios Hilden \u00b7 Recording-Studio f\u00fcr Musik- & Gesangsaufnahmen, Produktion & Mastering von der Song-Idee bis zum fertigen Album f\u00fcr K\u00fcnstler weltweit","_seopress_robots_index":"","footnotes":"","_links_to":"","_links_to_target":""},"class_list":["post-732","page","type-page","status-publish","hentry"],"_links":{"self":[{"href":"https:\/\/www.stricker-studios.de\/en\/wp-json\/wp\/v2\/pages\/732","targetHints":{"allow":["GET"]}}],"collection":[{"href":"https:\/\/www.stricker-studios.de\/en\/wp-json\/wp\/v2\/pages"}],"about":[{"href":"https:\/\/www.stricker-studios.de\/en\/wp-json\/wp\/v2\/types\/page"}],"author":[{"embeddable":true,"href":"https:\/\/www.stricker-studios.de\/en\/wp-json\/wp\/v2\/users\/7"}],"replies":[{"embeddable":true,"href":"https:\/\/www.stricker-studios.de\/en\/wp-json\/wp\/v2\/comments?post=732"}],"version-history":[{"count":0,"href":"https:\/\/www.stricker-studios.de\/en\/wp-json\/wp\/v2\/pages\/732\/revisions"}],"wp:attachment":[{"href":"https:\/\/www.stricker-studios.de\/en\/wp-json\/wp\/v2\/media?parent=732"}],"curies":[{"name":"wp","href":"https:\/\/api.w.org\/{rel}","templated":true}]}}