{"id":735,"date":"2021-05-21T10:04:55","date_gmt":"2021-05-21T08:04:55","guid":{"rendered":"https:\/\/www.stricker-studios.de\/gallery\/"},"modified":"2021-05-21T13:26:44","modified_gmt":"2021-05-21T11:26:44","slug":"gallery","status":"publish","type":"page","link":"https:\/\/www.stricker-studios.de\/en\/gallery\/","title":{"rendered":"Gallery"},"content":{"rendered":"\n\n<h1>\n\t\tGallery recording studio Hilden (close to Cologne\/D\u00fcsseldorf, 360\u00b0 panorama shots of the interior, instruments, recording rooms, equipment&#8230;\n\t<\/h1>\n<h2>\n\t\t360\u00b0 panorama shots\n\t<\/h2>\n<h2>\n\t\tPLEASE CLICK ON THE IMAGE TO CHECK OUT THE STUDIO IN 360\u00b0\n\t<\/h2>\n\t<!-- ipanorama begin -->\n<div class=\"ipanorama ipnrm-1\"data-json-src=\"https:\/\/www.stricker-studios.de\/wp-content\/uploads\/ipanorama\/1\/config.json?ver=1616758708\" data-item-id=\"1\" style=\"display:none;background-size:auto;\">\n<div class=\"ipnrm-store\" style=\"display:none;\">\n<div class=\"ipnrm-scene\" data-scene-id=\"d1c45ec5\">\n<div class=\"ipnrm-markers-data\">\n<div class=\"ipnrm-data\" data-marker-id=\"d8029993\">\n<div class=\"ipnrm-tag\">\n<div class=\"ipnrm-lbl\">\n<div class=\"ipnrm-txt\">Zu Regie 1<\/div>\n<\/div>\n<\/div>\n<\/div>\n<div class=\"ipnrm-data\" data-marker-id=\"0af430e3\">\n<div class=\"ipnrm-tag\">\n<div class=\"ipnrm-lbl\">\n<div class=\"ipnrm-txt\">Zur Kabine<\/div>\n<\/div>\n<\/div>\n<\/div>\n<div class=\"ipnrm-data\" data-marker-id=\"a58fb5b2\">\n<div class=\"ipnrm-tag\">\n<div class=\"ipnrm-lbl\">\n<div class=\"ipnrm-txt\">Zur Kabine<\/div>\n<\/div>\n<\/div>\n<\/div>\n<div class=\"ipnrm-data\" data-marker-id=\"5107b642\">\n<div class=\"ipnrm-tag\">\n<div class=\"ipnrm-lbl\">\n<div class=\"ipnrm-txt\">Zum Lager<\/div>\n<\/div>\n<\/div>\n<\/div>\n<div class=\"ipnrm-data\" data-marker-id=\"39f3ec4a\">\n<div class=\"ipnrm-tag\">\n<div class=\"ipnrm-lbl\">\n<div class=\"ipnrm-txt\">Zu Regie 3<\/div>\n<\/div>\n<\/div>\n<\/div>\n<div class=\"ipnrm-data\" data-marker-id=\"af6661fe\">\n<div class=\"ipnrm-tag\">\n<div class=\"ipnrm-lbl\">\n<div class=\"ipnrm-txt\">Zum B\u00fcro<\/div>\n<\/div>\n<\/div>\n<\/div>\n<div class=\"ipnrm-data\" data-marker-id=\"140385a4\">\n<div class=\"ipnrm-tag\">\n<div class=\"ipnrm-lbl\">\n<div class=\"ipnrm-txt\">Zur K\u00fcche<\/div>\n<\/div>\n<\/div>\n<\/div>\n<\/div>\n<div class=\"ipnrm-tooltips-data\">\n<\/div>\n<div class=\"ipnrm-popovers-data\">\n<\/div>\n<\/div>\n<div class=\"ipnrm-scene\" data-scene-id=\"89e1cac0\">\n<div class=\"ipnrm-markers-data\">\n<div class=\"ipnrm-data\" data-marker-id=\"a32d6409\">\n<div class=\"ipnrm-tag\">\n<div class=\"ipnrm-lbl\">\n<div class=\"ipnrm-txt\">Zum Studio<\/div>\n<\/div>\n<\/div>\n<\/div>\n<div class=\"ipnrm-data\" data-marker-id=\"276461d4\">\n<div class=\"ipnrm-tag\">\n<div class=\"ipnrm-lbl\">\n<div class=\"ipnrm-txt\">Zu Regie 3<\/div>\n<\/div>\n<\/div>\n<\/div>\n<div class=\"ipnrm-data\" data-marker-id=\"414c2c4c\">\n<div class=\"ipnrm-tag\">\n<div class=\"ipnrm-lbl\">\n<div class=\"ipnrm-txt\">Zum B\u00fcro<\/div>\n<\/div>\n<\/div>\n<\/div>\n<div class=\"ipnrm-data\" data-marker-id=\"d2d3236d\">\n<div class=\"ipnrm-tag\">\n<div class=\"ipnrm-lbl\">\n<div class=\"ipnrm-txt\">Zur K\u00fcche<\/div>\n<\/div>\n<\/div>\n<\/div>\n<\/div>\n<div class=\"ipnrm-tooltips-data\">\n<\/div>\n<div class=\"ipnrm-popovers-data\">\n<\/div>\n<\/div>\n<div class=\"ipnrm-scene\" data-scene-id=\"f6c2c91f\">\n<div class=\"ipnrm-markers-data\">\n<div class=\"ipnrm-data\" data-marker-id=\"986c402e\">\n<div class=\"ipnrm-tag\">\n<div class=\"ipnrm-lbl\">\n<div class=\"ipnrm-txt\">Zum B\u00fcro<\/div>\n<\/div>\n<\/div>\n<\/div>\n<div class=\"ipnrm-data\" data-marker-id=\"ea7f3ca4\">\n<div class=\"ipnrm-tag\">\n<div class=\"ipnrm-lbl\">\n<div class=\"ipnrm-txt\">Zu Regie 1<\/div>\n<\/div>\n<\/div>\n<\/div>\n<div class=\"ipnrm-data\" data-marker-id=\"56aacbe2\">\n<div class=\"ipnrm-tag\">\n<div class=\"ipnrm-lbl\">\n<div class=\"ipnrm-txt\">Zu Regie 3<\/div>\n<\/div>\n<\/div>\n<\/div>\n<div class=\"ipnrm-data\" data-marker-id=\"a43767d9\">\n<div class=\"ipnrm-tag\">\n<div class=\"ipnrm-lbl\">\n<div class=\"ipnrm-txt\">Zum Studio<\/div>\n<\/div>\n<\/div>\n<\/div>\n<div class=\"ipnrm-data\" data-marker-id=\"c52c8576\">\n<div class=\"ipnrm-tag\">\n<div class=\"ipnrm-lbl\">\n<div class=\"ipnrm-txt\">Zu Regie 2<\/div>\n<\/div>\n<\/div>\n<\/div>\n<\/div>\n<div class=\"ipnrm-tooltips-data\">\n<\/div>\n<div class=\"ipnrm-popovers-data\">\n<\/div>\n<\/div>\n<div class=\"ipnrm-scene\" data-scene-id=\"1817d16c\">\n<div class=\"ipnrm-markers-data\">\n<div class=\"ipnrm-data\" data-marker-id=\"c2f9f21d\">\n<div class=\"ipnrm-tag\">\n<div class=\"ipnrm-lbl\">\n<div class=\"ipnrm-txt\">Zum Lager<\/div>\n<\/div>\n<\/div>\n<\/div>\n<div class=\"ipnrm-data\" data-marker-id=\"e67348a3\">\n<div class=\"ipnrm-tag\">\n<div class=\"ipnrm-lbl\">\n<div class=\"ipnrm-txt\">Zum Studio<\/div>\n<\/div>\n<\/div>\n<\/div>\n<div class=\"ipnrm-data\" data-marker-id=\"5ae845a1\">\n<div class=\"ipnrm-tag\">\n<div class=\"ipnrm-lbl\">\n<div class=\"ipnrm-txt\">Zur K\u00fcche<\/div>\n<\/div>\n<\/div>\n<\/div>\n<div class=\"ipnrm-data\" data-marker-id=\"3eb89074\">\n<div class=\"ipnrm-tag\">\n<div class=\"ipnrm-lbl\">\n<div class=\"ipnrm-txt\">Zu Regie 2<\/div>\n<\/div>\n<\/div>\n<\/div>\n<\/div>\n<div class=\"ipnrm-tooltips-data\">\n<\/div>\n<div class=\"ipnrm-popovers-data\">\n<\/div>\n<\/div>\n<div class=\"ipnrm-scene\" data-scene-id=\"6801838a\">\n<div class=\"ipnrm-markers-data\">\n<div class=\"ipnrm-data\" data-marker-id=\"fa0bdf1b\">\n<div class=\"ipnrm-tag\">\n<div class=\"ipnrm-lbl\">\n<div class=\"ipnrm-txt\">Zu Regie 2<\/div>\n<\/div>\n<\/div>\n<\/div>\n<div class=\"ipnrm-data\" data-marker-id=\"de9d0ec2\">\n<div class=\"ipnrm-tag\">\n<div class=\"ipnrm-lbl\">\n<div class=\"ipnrm-txt\">Zu Regie 1<\/div>\n<\/div>\n<\/div>\n<\/div>\n<div class=\"ipnrm-data\" data-marker-id=\"8368fdf9\">\n<div class=\"ipnrm-tag\">\n<div class=\"ipnrm-lbl\">\n<div class=\"ipnrm-txt\">Zum Studio<\/div>\n<\/div>\n<\/div>\n<\/div>\n<div class=\"ipnrm-data\" data-marker-id=\"cc87e46a\">\n<div class=\"ipnrm-tag\">\n<div class=\"ipnrm-lbl\">\n<div class=\"ipnrm-txt\">Zur K\u00fcche<\/div>\n<\/div>\n<\/div>\n<\/div>\n<\/div>\n<div class=\"ipnrm-tooltips-data\">\n<\/div>\n<div class=\"ipnrm-popovers-data\">\n<\/div>\n<\/div>\n<div class=\"ipnrm-scene\" data-scene-id=\"04c80a72\">\n<div class=\"ipnrm-markers-data\">\n<div class=\"ipnrm-data\" data-marker-id=\"3763d410\">\n<div class=\"ipnrm-tag\">\n<div class=\"ipnrm-lbl\">\n<div class=\"ipnrm-txt\">Zum B\u00fcro<\/div>\n<\/div>\n<\/div>\n<\/div>\n<div class=\"ipnrm-data\" data-marker-id=\"659200f1\">\n<div class=\"ipnrm-tag\">\n<div class=\"ipnrm-lbl\">\n<div class=\"ipnrm-txt\">Zu Regie 3<\/div>\n<\/div>\n<\/div>\n<\/div>\n<\/div>\n<div class=\"ipnrm-tooltips-data\">\n<\/div>\n<div class=\"ipnrm-popovers-data\">\n<\/div>\n<\/div>\n<div class=\"ipnrm-scene\" data-scene-id=\"b1560038\">\n<div class=\"ipnrm-markers-data\">\n<div class=\"ipnrm-data\" data-marker-id=\"c3b1b84f\">\n<div class=\"ipnrm-tag\">\n<div class=\"ipnrm-lbl\">\n<div class=\"ipnrm-txt\">Zum Studio<\/div>\n<\/div>\n<\/div>\n<\/div>\n<\/div>\n<div class=\"ipnrm-tooltips-data\">\n<\/div>\n<div class=\"ipnrm-popovers-data\">\n<\/div>\n<\/div>\n<div class=\"ipnrm-scene\" data-scene-id=\"16aadb14\">\n<div class=\"ipnrm-markers-data\">\n<div class=\"ipnrm-data\" data-marker-id=\"59cceb4b\">\n<div class=\"ipnrm-tag\">\n<div class=\"ipnrm-lbl\">\n<div class=\"ipnrm-txt\">Zum Studio<\/div>\n<\/div>\n<\/div>\n<\/div>\n<div class=\"ipnrm-data\" data-marker-id=\"fc3202d8\">\n<div class=\"ipnrm-tag\">\n<div class=\"ipnrm-lbl\">\n<div class=\"ipnrm-txt\">Zum B\u00fcro<\/div>\n<\/div>\n<\/div>\n<\/div>\n<\/div>\n<div class=\"ipnrm-tooltips-data\">\n<\/div>\n<div class=\"ipnrm-popovers-data\">\n<\/div>\n<\/div>\n<\/div>\n<\/div>\n<!-- ipanorama end -->\n\n\t\t\t\t<img loading=\"lazy\" decoding=\"async\" src=\"https:\/\/www.stricker-studios.de\/wp-content\/uploads\/2021\/02\/home-kopfhoerer-3col.png\" alt=\"home-kopfhoerer-3col\" itemprop=\"image\" height=\"360\" width=\"360\" title=\"home-kopfhoerer-3col\" onerror=\"this.style.display='none'\"  \/>\n\t\t<!-- Comment to fix spacing issue\n\t-->\n\t\t<h2>0m<sup>2<\/sup><\/h2>total area\n\t<!-- Comment to fix spacing issue\n\t-->\t\n\t\t<!-- Comment to fix spacing issue\n\t-->\n\t\t<h2>0m<sup>2<\/sup><\/h2>main recording room\n\t<!-- Comment to fix spacing issue\n\t-->\t\n\t\t<!-- Comment to fix spacing issue\n\t-->\n\t\t<h2>0<\/h2>different rooms\n\t<!-- Comment to fix spacing issue\n\t-->\t\n<h3>\n\t\tFull service recording studio: Recording, mixing, mastering, sound design, video production, music production, composition\n\t<\/h3>\n\t<p>Our clients&#8217; vision and concept is our top priority when it comes to realizing their projects. We create a unique sound tailored to individual artists and their musical genre.<\/p>\n\n","protected":false},"excerpt":{"rendered":"<p>Gallery recording studio Hilden (close to Cologne\/D\u00fcsseldorf, 360\u00b0 panorama shots of the interior, instruments, recording rooms, equipment&#8230; 360\u00b0 panorama shots PLEASE CLICK ON THE IMAGE TO CHECK OUT THE STUDIO IN 360\u00b0 0m2 total area 0m2 main recording room 0 different rooms Full service recording studio: Recording, mixing, mastering, sound design, video production, music production,&hellip;<\/p>\n","protected":false},"author":7,"featured_media":0,"parent":0,"menu_order":0,"comment_status":"closed","ping_status":"closed","template":"","meta":{"_seopress_robots_primary_cat":"","_seopress_titles_title":"Stricker Studios Hilden, Steinway D Fl\u00fcgel, Instrumente, Pop","_seopress_titles_desc":"Stricker Studios Hilden \u00b7 Recording-Studio f\u00fcr Musik- & Gesangsaufnahmen, Produktion & Mastering von der Song-Idee bis zum fertigen Album f\u00fcr K\u00fcnstler weltweit","_seopress_robots_index":"","footnotes":"","_links_to":"","_links_to_target":""},"class_list":["post-735","page","type-page","status-publish","hentry"],"_links":{"self":[{"href":"https:\/\/www.stricker-studios.de\/en\/wp-json\/wp\/v2\/pages\/735","targetHints":{"allow":["GET"]}}],"collection":[{"href":"https:\/\/www.stricker-studios.de\/en\/wp-json\/wp\/v2\/pages"}],"about":[{"href":"https:\/\/www.stricker-studios.de\/en\/wp-json\/wp\/v2\/types\/page"}],"author":[{"embeddable":true,"href":"https:\/\/www.stricker-studios.de\/en\/wp-json\/wp\/v2\/users\/7"}],"replies":[{"embeddable":true,"href":"https:\/\/www.stricker-studios.de\/en\/wp-json\/wp\/v2\/comments?post=735"}],"version-history":[{"count":0,"href":"https:\/\/www.stricker-studios.de\/en\/wp-json\/wp\/v2\/pages\/735\/revisions"}],"wp:attachment":[{"href":"https:\/\/www.stricker-studios.de\/en\/wp-json\/wp\/v2\/media?parent=735"}],"curies":[{"name":"wp","href":"https:\/\/api.w.org\/{rel}","templated":true}]}}