{"id":765,"date":"2021-05-21T10:52:28","date_gmt":"2021-05-21T08:52:28","guid":{"rendered":"https:\/\/www.stricker-studios.de\/miscellaneous\/"},"modified":"2021-05-21T10:52:28","modified_gmt":"2021-05-21T08:52:28","slug":"miscellaneous","status":"publish","type":"page","link":"https:\/\/www.stricker-studios.de\/en\/miscellaneous\/","title":{"rendered":"Miscellaneous"},"content":{"rendered":"","protected":false},"excerpt":{"rendered":"","protected":false},"author":7,"featured_media":0,"parent":0,"menu_order":0,"comment_status":"closed","ping_status":"closed","template":"","meta":{"_seopress_robots_primary_cat":"","_seopress_titles_title":"Stricker Studios Hilden, Jazzpianist, Mischraum, Komposition","_seopress_titles_desc":"Stricker Studios Hilden \u00b7 Recording-Studio f\u00fcr Musik- & Gesangsaufnahmen, Produktion & Mastering von der Song-Idee bis zum fertigen Album f\u00fcr K\u00fcnstler weltweit","_seopress_robots_index":"","footnotes":"","_links_to":"","_links_to_target":""},"class_list":["post-765","page","type-page","status-publish","hentry"],"_links":{"self":[{"href":"https:\/\/www.stricker-studios.de\/en\/wp-json\/wp\/v2\/pages\/765","targetHints":{"allow":["GET"]}}],"collection":[{"href":"https:\/\/www.stricker-studios.de\/en\/wp-json\/wp\/v2\/pages"}],"about":[{"href":"https:\/\/www.stricker-studios.de\/en\/wp-json\/wp\/v2\/types\/page"}],"author":[{"embeddable":true,"href":"https:\/\/www.stricker-studios.de\/en\/wp-json\/wp\/v2\/users\/7"}],"replies":[{"embeddable":true,"href":"https:\/\/www.stricker-studios.de\/en\/wp-json\/wp\/v2\/comments?post=765"}],"version-history":[{"count":0,"href":"https:\/\/www.stricker-studios.de\/en\/wp-json\/wp\/v2\/pages\/765\/revisions"}],"wp:attachment":[{"href":"https:\/\/www.stricker-studios.de\/en\/wp-json\/wp\/v2\/media?parent=765"}],"curies":[{"name":"wp","href":"https:\/\/api.w.org\/{rel}","templated":true}]}}